{"id":10,"date":"2022-10-02T17:45:29","date_gmt":"2022-10-02T20:45:29","guid":{"rendered":"https:\/\/www.meusiteteste.com.br\/qla\/?page_id=10"},"modified":"2023-08-21T16:57:45","modified_gmt":"2023-08-21T19:57:45","slug":"tecnologias-e-solucoes","status":"publish","type":"page","link":"https:\/\/www.meusiteteste.com.br\/qla\/tecnologias-e-solucoes\/","title":{"rendered":"Solu\u00e7\u00f5es"},"content":{"rendered":"\n<p>Conhe\u00e7a as solu\u00e7\u00f5es QLA que automatizam processos e otimizam todos as etapas do gerenciamento de opera\u00e7\u00f5es em empresas.<\/p>\n","protected":false},"excerpt":{"rendered":"<p>Conhe\u00e7a as solu\u00e7\u00f5es QLA que automatizam processos e otimizam todos as etapas do gerenciamento de opera\u00e7\u00f5es em empresas.<\/p>\n","protected":false},"author":1,"featured_media":0,"parent":0,"menu_order":3,"comment_status":"closed","ping_status":"closed","template":"pages\/solucoes.php","meta":{"footnotes":""},"class_list":["post-10","page","type-page","status-publish","hentry"],"acf":[],"yoast_head":"<!-- This site is optimized with the Yoast SEO plugin v20.7 - https:\/\/yoast.com\/wordpress\/plugins\/seo\/ -->\n<title>Solu\u00e7\u00f5es em Desenvolvimento de Sistemas Empresariais | QLA<\/title>\n<meta name=\"description\" content=\"Conhe\u00e7a as solu\u00e7\u00f5es QLA que automatizam processos e otimizam todos as etapas do gerenciamento de opera\u00e7\u00f5es em empresas.\" \/>\n<meta name=\"robots\" content=\"noindex, follow, max-snippet:-1, max-image-preview:large, max-video-preview:-1\" \/>\n<meta property=\"og:locale\" content=\"pt_BR\" \/>\n<meta property=\"og:type\" content=\"article\" \/>\n<meta property=\"og:title\" content=\"Solu\u00e7\u00f5es em Desenvolvimento de Sistemas Empresariais | QLA\" \/>\n<meta property=\"og:description\" content=\"Conhe\u00e7a as solu\u00e7\u00f5es QLA que automatizam processos e otimizam todos as etapas do gerenciamento de opera\u00e7\u00f5es em empresas.\" \/>\n<meta property=\"og:url\" content=\"https:\/\/www.meusiteteste.com.br\/qla\/tecnologias-e-solucoes\/\" \/>\n<meta property=\"og:site_name\" content=\"QLA\" \/>\n<meta property=\"article:modified_time\" content=\"2023-08-21T19:57:45+00:00\" \/>\n<meta name=\"twitter:card\" content=\"summary_large_image\" \/>\n<meta name=\"twitter:label1\" content=\"Est. tempo de leitura\" \/>\n\t<meta name=\"twitter:data1\" content=\"1 minuto\" \/>\n<script type=\"application\/ld+json\" class=\"yoast-schema-graph\">{\"@context\":\"https:\/\/schema.org\",\"@graph\":[{\"@type\":\"WebPage\",\"@id\":\"https:\/\/www.meusiteteste.com.br\/qla\/tecnologias-e-solucoes\/\",\"url\":\"https:\/\/www.meusiteteste.com.br\/qla\/tecnologias-e-solucoes\/\",\"name\":\"Solu\u00e7\u00f5es em Desenvolvimento de Sistemas Empresariais | QLA\",\"isPartOf\":{\"@id\":\"https:\/\/www.meusiteteste.com.br\/qla\/#website\"},\"datePublished\":\"2022-10-02T20:45:29+00:00\",\"dateModified\":\"2023-08-21T19:57:45+00:00\",\"description\":\"Conhe\u00e7a as solu\u00e7\u00f5es QLA que automatizam processos e otimizam todos as etapas do gerenciamento de opera\u00e7\u00f5es em empresas.\",\"breadcrumb\":{\"@id\":\"https:\/\/www.meusiteteste.com.br\/qla\/tecnologias-e-solucoes\/#breadcrumb\"},\"inLanguage\":\"pt-BR\",\"potentialAction\":[{\"@type\":\"ReadAction\",\"target\":[\"https:\/\/www.meusiteteste.com.br\/qla\/tecnologias-e-solucoes\/\"]}]},{\"@type\":\"BreadcrumbList\",\"@id\":\"https:\/\/www.meusiteteste.com.br\/qla\/tecnologias-e-solucoes\/#breadcrumb\",\"itemListElement\":[{\"@type\":\"ListItem\",\"position\":1,\"name\":\"In\u00edcio\",\"item\":\"https:\/\/www.meusiteteste.com.br\/qla\/\"},{\"@type\":\"ListItem\",\"position\":2,\"name\":\"Solu\u00e7\u00f5es\"}]},{\"@type\":\"WebSite\",\"@id\":\"https:\/\/www.meusiteteste.com.br\/qla\/#website\",\"url\":\"https:\/\/www.meusiteteste.com.br\/qla\/\",\"name\":\"QLA\",\"description\":\"Solu\u00e7\u00f5es em sistemas simplificando Processos\",\"potentialAction\":[{\"@type\":\"SearchAction\",\"target\":{\"@type\":\"EntryPoint\",\"urlTemplate\":\"https:\/\/www.meusiteteste.com.br\/qla\/?s={search_term_string}\"},\"query-input\":\"required name=search_term_string\"}],\"inLanguage\":\"pt-BR\"}]}<\/script>\n<!-- \/ Yoast SEO plugin. -->","yoast_head_json":{"title":"Solu\u00e7\u00f5es em Desenvolvimento de Sistemas Empresariais | QLA","description":"Conhe\u00e7a as solu\u00e7\u00f5es QLA que automatizam processos e otimizam todos as etapas do gerenciamento de opera\u00e7\u00f5es em empresas.","robots":{"index":"noindex","follow":"follow","max-snippet":"max-snippet:-1","max-image-preview":"max-image-preview:large","max-video-preview":"max-video-preview:-1"},"og_locale":"pt_BR","og_type":"article","og_title":"Solu\u00e7\u00f5es em Desenvolvimento de Sistemas Empresariais | QLA","og_description":"Conhe\u00e7a as solu\u00e7\u00f5es QLA que automatizam processos e otimizam todos as etapas do gerenciamento de opera\u00e7\u00f5es em empresas.","og_url":"https:\/\/www.meusiteteste.com.br\/qla\/tecnologias-e-solucoes\/","og_site_name":"QLA","article_modified_time":"2023-08-21T19:57:45+00:00","twitter_card":"summary_large_image","twitter_misc":{"Est. tempo de leitura":"1 minuto"},"schema":{"@context":"https:\/\/schema.org","@graph":[{"@type":"WebPage","@id":"https:\/\/www.meusiteteste.com.br\/qla\/tecnologias-e-solucoes\/","url":"https:\/\/www.meusiteteste.com.br\/qla\/tecnologias-e-solucoes\/","name":"Solu\u00e7\u00f5es em Desenvolvimento de Sistemas Empresariais | QLA","isPartOf":{"@id":"https:\/\/www.meusiteteste.com.br\/qla\/#website"},"datePublished":"2022-10-02T20:45:29+00:00","dateModified":"2023-08-21T19:57:45+00:00","description":"Conhe\u00e7a as solu\u00e7\u00f5es QLA que automatizam processos e otimizam todos as etapas do gerenciamento de opera\u00e7\u00f5es em empresas.","breadcrumb":{"@id":"https:\/\/www.meusiteteste.com.br\/qla\/tecnologias-e-solucoes\/#breadcrumb"},"inLanguage":"pt-BR","potentialAction":[{"@type":"ReadAction","target":["https:\/\/www.meusiteteste.com.br\/qla\/tecnologias-e-solucoes\/"]}]},{"@type":"BreadcrumbList","@id":"https:\/\/www.meusiteteste.com.br\/qla\/tecnologias-e-solucoes\/#breadcrumb","itemListElement":[{"@type":"ListItem","position":1,"name":"In\u00edcio","item":"https:\/\/www.meusiteteste.com.br\/qla\/"},{"@type":"ListItem","position":2,"name":"Solu\u00e7\u00f5es"}]},{"@type":"WebSite","@id":"https:\/\/www.meusiteteste.com.br\/qla\/#website","url":"https:\/\/www.meusiteteste.com.br\/qla\/","name":"QLA","description":"Solu\u00e7\u00f5es em sistemas simplificando Processos","potentialAction":[{"@type":"SearchAction","target":{"@type":"EntryPoint","urlTemplate":"https:\/\/www.meusiteteste.com.br\/qla\/?s={search_term_string}"},"query-input":"required name=search_term_string"}],"inLanguage":"pt-BR"}]}},"_links":{"self":[{"href":"https:\/\/www.meusiteteste.com.br\/qla\/wp-json\/wp\/v2\/pages\/10","targetHints":{"allow":["GET"]}}],"collection":[{"href":"https:\/\/www.meusiteteste.com.br\/qla\/wp-json\/wp\/v2\/pages"}],"about":[{"href":"https:\/\/www.meusiteteste.com.br\/qla\/wp-json\/wp\/v2\/types\/page"}],"author":[{"embeddable":true,"href":"https:\/\/www.meusiteteste.com.br\/qla\/wp-json\/wp\/v2\/users\/1"}],"replies":[{"embeddable":true,"href":"https:\/\/www.meusiteteste.com.br\/qla\/wp-json\/wp\/v2\/comments?post=10"}],"version-history":[{"count":11,"href":"https:\/\/www.meusiteteste.com.br\/qla\/wp-json\/wp\/v2\/pages\/10\/revisions"}],"predecessor-version":[{"id":376,"href":"https:\/\/www.meusiteteste.com.br\/qla\/wp-json\/wp\/v2\/pages\/10\/revisions\/376"}],"wp:attachment":[{"href":"https:\/\/www.meusiteteste.com.br\/qla\/wp-json\/wp\/v2\/media?parent=10"}],"curies":[{"name":"wp","href":"https:\/\/api.w.org\/{rel}","templated":true}]}}