{"id":12,"date":"2022-10-02T17:45:37","date_gmt":"2022-10-02T20:45:37","guid":{"rendered":"https:\/\/www.meusiteteste.com.br\/qla\/?page_id=12"},"modified":"2023-08-21T16:56:25","modified_gmt":"2023-08-21T19:56:25","slug":"blog","status":"publish","type":"page","link":"https:\/\/www.meusiteteste.com.br\/qla\/blog\/","title":{"rendered":"Blog QLA | Artigos sobre tecnologia e gest\u00e3o de empresas"},"content":{"rendered":"\n<p>No blog da QLA voc\u00ea encontra not\u00edcias e artigos exclusivos sobre tecnologia e gest\u00e3o de empresas. Acompanhe dicas, tend\u00eancias e insights para impulsionar seu sucesso corporativo!<\/p>\n","protected":false},"excerpt":{"rendered":"<p>No blog da QLA voc\u00ea encontra not\u00edcias e artigos exclusivos sobre tecnologia e gest\u00e3o de empresas. Acompanhe dicas, tend\u00eancias e insights para impulsionar seu sucesso corporativo!<\/p>\n","protected":false},"author":1,"featured_media":0,"parent":0,"menu_order":6,"comment_status":"closed","ping_status":"closed","template":"pages\/blog.php","meta":{"footnotes":""},"class_list":["post-12","page","type-page","status-publish","hentry"],"acf":[],"yoast_head":"<!-- This site is optimized with the Yoast SEO plugin v20.7 - https:\/\/yoast.com\/wordpress\/plugins\/seo\/ -->\n<title>Blog QLA | Artigos sobre tecnologia e gest\u00e3o de empresas<\/title>\n<meta name=\"description\" content=\"No blog da QLA voc\u00ea encontra artigos exclusivos com tend\u00eancias e insights sobre tecnologia e gest\u00e3o de empresas.\" \/>\n<meta name=\"robots\" content=\"noindex, follow, max-snippet:-1, max-image-preview:large, max-video-preview:-1\" \/>\n<meta property=\"og:locale\" content=\"pt_BR\" \/>\n<meta property=\"og:type\" content=\"article\" \/>\n<meta property=\"og:title\" content=\"Blog QLA | Artigos sobre tecnologia e gest\u00e3o de empresas\" \/>\n<meta property=\"og:description\" content=\"No blog da QLA voc\u00ea encontra artigos exclusivos com tend\u00eancias e insights sobre tecnologia e gest\u00e3o de empresas.\" \/>\n<meta property=\"og:url\" content=\"https:\/\/www.meusiteteste.com.br\/qla\/blog\/\" \/>\n<meta property=\"og:site_name\" content=\"QLA\" \/>\n<meta property=\"article:modified_time\" content=\"2023-08-21T19:56:25+00:00\" \/>\n<meta name=\"twitter:card\" content=\"summary_large_image\" \/>\n<meta name=\"twitter:label1\" content=\"Est. tempo de leitura\" \/>\n\t<meta name=\"twitter:data1\" content=\"1 minuto\" \/>\n<script type=\"application\/ld+json\" class=\"yoast-schema-graph\">{\"@context\":\"https:\/\/schema.org\",\"@graph\":[{\"@type\":\"WebPage\",\"@id\":\"https:\/\/www.meusiteteste.com.br\/qla\/blog\/\",\"url\":\"https:\/\/www.meusiteteste.com.br\/qla\/blog\/\",\"name\":\"Blog QLA | Artigos sobre tecnologia e gest\u00e3o de empresas\",\"isPartOf\":{\"@id\":\"https:\/\/www.meusiteteste.com.br\/qla\/#website\"},\"datePublished\":\"2022-10-02T20:45:37+00:00\",\"dateModified\":\"2023-08-21T19:56:25+00:00\",\"description\":\"No blog da QLA voc\u00ea encontra artigos exclusivos com tend\u00eancias e insights sobre tecnologia e gest\u00e3o de empresas.\",\"breadcrumb\":{\"@id\":\"https:\/\/www.meusiteteste.com.br\/qla\/blog\/#breadcrumb\"},\"inLanguage\":\"pt-BR\",\"potentialAction\":[{\"@type\":\"ReadAction\",\"target\":[\"https:\/\/www.meusiteteste.com.br\/qla\/blog\/\"]}]},{\"@type\":\"BreadcrumbList\",\"@id\":\"https:\/\/www.meusiteteste.com.br\/qla\/blog\/#breadcrumb\",\"itemListElement\":[{\"@type\":\"ListItem\",\"position\":1,\"name\":\"In\u00edcio\",\"item\":\"https:\/\/www.meusiteteste.com.br\/qla\/\"},{\"@type\":\"ListItem\",\"position\":2,\"name\":\"Blog QLA | Artigos sobre tecnologia e gest\u00e3o de empresas\"}]},{\"@type\":\"WebSite\",\"@id\":\"https:\/\/www.meusiteteste.com.br\/qla\/#website\",\"url\":\"https:\/\/www.meusiteteste.com.br\/qla\/\",\"name\":\"QLA\",\"description\":\"Solu\u00e7\u00f5es em sistemas simplificando Processos\",\"potentialAction\":[{\"@type\":\"SearchAction\",\"target\":{\"@type\":\"EntryPoint\",\"urlTemplate\":\"https:\/\/www.meusiteteste.com.br\/qla\/?s={search_term_string}\"},\"query-input\":\"required name=search_term_string\"}],\"inLanguage\":\"pt-BR\"}]}<\/script>\n<!-- \/ Yoast SEO plugin. -->","yoast_head_json":{"title":"Blog QLA | Artigos sobre tecnologia e gest\u00e3o de empresas","description":"No blog da QLA voc\u00ea encontra artigos exclusivos com tend\u00eancias e insights sobre tecnologia e gest\u00e3o de empresas.","robots":{"index":"noindex","follow":"follow","max-snippet":"max-snippet:-1","max-image-preview":"max-image-preview:large","max-video-preview":"max-video-preview:-1"},"og_locale":"pt_BR","og_type":"article","og_title":"Blog QLA | Artigos sobre tecnologia e gest\u00e3o de empresas","og_description":"No blog da QLA voc\u00ea encontra artigos exclusivos com tend\u00eancias e insights sobre tecnologia e gest\u00e3o de empresas.","og_url":"https:\/\/www.meusiteteste.com.br\/qla\/blog\/","og_site_name":"QLA","article_modified_time":"2023-08-21T19:56:25+00:00","twitter_card":"summary_large_image","twitter_misc":{"Est. tempo de leitura":"1 minuto"},"schema":{"@context":"https:\/\/schema.org","@graph":[{"@type":"WebPage","@id":"https:\/\/www.meusiteteste.com.br\/qla\/blog\/","url":"https:\/\/www.meusiteteste.com.br\/qla\/blog\/","name":"Blog QLA | Artigos sobre tecnologia e gest\u00e3o de empresas","isPartOf":{"@id":"https:\/\/www.meusiteteste.com.br\/qla\/#website"},"datePublished":"2022-10-02T20:45:37+00:00","dateModified":"2023-08-21T19:56:25+00:00","description":"No blog da QLA voc\u00ea encontra artigos exclusivos com tend\u00eancias e insights sobre tecnologia e gest\u00e3o de empresas.","breadcrumb":{"@id":"https:\/\/www.meusiteteste.com.br\/qla\/blog\/#breadcrumb"},"inLanguage":"pt-BR","potentialAction":[{"@type":"ReadAction","target":["https:\/\/www.meusiteteste.com.br\/qla\/blog\/"]}]},{"@type":"BreadcrumbList","@id":"https:\/\/www.meusiteteste.com.br\/qla\/blog\/#breadcrumb","itemListElement":[{"@type":"ListItem","position":1,"name":"In\u00edcio","item":"https:\/\/www.meusiteteste.com.br\/qla\/"},{"@type":"ListItem","position":2,"name":"Blog QLA | Artigos sobre tecnologia e gest\u00e3o de empresas"}]},{"@type":"WebSite","@id":"https:\/\/www.meusiteteste.com.br\/qla\/#website","url":"https:\/\/www.meusiteteste.com.br\/qla\/","name":"QLA","description":"Solu\u00e7\u00f5es em sistemas simplificando Processos","potentialAction":[{"@type":"SearchAction","target":{"@type":"EntryPoint","urlTemplate":"https:\/\/www.meusiteteste.com.br\/qla\/?s={search_term_string}"},"query-input":"required name=search_term_string"}],"inLanguage":"pt-BR"}]}},"_links":{"self":[{"href":"https:\/\/www.meusiteteste.com.br\/qla\/wp-json\/wp\/v2\/pages\/12","targetHints":{"allow":["GET"]}}],"collection":[{"href":"https:\/\/www.meusiteteste.com.br\/qla\/wp-json\/wp\/v2\/pages"}],"about":[{"href":"https:\/\/www.meusiteteste.com.br\/qla\/wp-json\/wp\/v2\/types\/page"}],"author":[{"embeddable":true,"href":"https:\/\/www.meusiteteste.com.br\/qla\/wp-json\/wp\/v2\/users\/1"}],"replies":[{"embeddable":true,"href":"https:\/\/www.meusiteteste.com.br\/qla\/wp-json\/wp\/v2\/comments?post=12"}],"version-history":[{"count":6,"href":"https:\/\/www.meusiteteste.com.br\/qla\/wp-json\/wp\/v2\/pages\/12\/revisions"}],"predecessor-version":[{"id":400,"href":"https:\/\/www.meusiteteste.com.br\/qla\/wp-json\/wp\/v2\/pages\/12\/revisions\/400"}],"wp:attachment":[{"href":"https:\/\/www.meusiteteste.com.br\/qla\/wp-json\/wp\/v2\/media?parent=12"}],"curies":[{"name":"wp","href":"https:\/\/api.w.org\/{rel}","templated":true}]}}