{"id":14,"date":"2022-10-02T17:45:47","date_gmt":"2022-10-02T20:45:47","guid":{"rendered":"https:\/\/www.meusiteteste.com.br\/qla\/?page_id=14"},"modified":"2023-08-21T16:47:39","modified_gmt":"2023-08-21T19:47:39","slug":"contato","status":"publish","type":"page","link":"https:\/\/www.meusiteteste.com.br\/qla\/contato\/","title":{"rendered":"Contato"},"content":{"rendered":"","protected":false},"excerpt":{"rendered":"","protected":false},"author":1,"featured_media":0,"parent":0,"menu_order":5,"comment_status":"closed","ping_status":"closed","template":"pages\/contato.php","meta":{"footnotes":""},"class_list":["post-14","page","type-page","status-publish","hentry"],"acf":[],"yoast_head":"<!-- This site is optimized with the Yoast SEO plugin v20.7 - https:\/\/yoast.com\/wordpress\/plugins\/seo\/ -->\n<title>Contato - QLA<\/title>\n<meta name=\"description\" content=\"Fale conosco e d\u00ea o primeiro passo na constru\u00e7\u00e3o de uma solu\u00e7\u00e3o completa e inovadora para a sua empresa.\" \/>\n<meta name=\"robots\" content=\"noindex, follow, max-snippet:-1, max-image-preview:large, max-video-preview:-1\" \/>\n<meta property=\"og:locale\" content=\"pt_BR\" \/>\n<meta property=\"og:type\" content=\"article\" \/>\n<meta property=\"og:title\" content=\"Contato - QLA\" \/>\n<meta property=\"og:description\" content=\"Fale conosco e d\u00ea o primeiro passo na constru\u00e7\u00e3o de uma solu\u00e7\u00e3o completa e inovadora para a sua empresa.\" \/>\n<meta property=\"og:url\" content=\"https:\/\/www.meusiteteste.com.br\/qla\/contato\/\" \/>\n<meta property=\"og:site_name\" content=\"QLA\" \/>\n<meta property=\"article:modified_time\" content=\"2023-08-21T19:47:39+00:00\" \/>\n<meta name=\"twitter:card\" content=\"summary_large_image\" \/>\n<script type=\"application\/ld+json\" class=\"yoast-schema-graph\">{\"@context\":\"https:\/\/schema.org\",\"@graph\":[{\"@type\":\"WebPage\",\"@id\":\"https:\/\/www.meusiteteste.com.br\/qla\/contato\/\",\"url\":\"https:\/\/www.meusiteteste.com.br\/qla\/contato\/\",\"name\":\"Contato - QLA\",\"isPartOf\":{\"@id\":\"https:\/\/www.meusiteteste.com.br\/qla\/#website\"},\"datePublished\":\"2022-10-02T20:45:47+00:00\",\"dateModified\":\"2023-08-21T19:47:39+00:00\",\"description\":\"Fale conosco e d\u00ea o primeiro passo na constru\u00e7\u00e3o de uma solu\u00e7\u00e3o completa e inovadora para a sua empresa.\",\"breadcrumb\":{\"@id\":\"https:\/\/www.meusiteteste.com.br\/qla\/contato\/#breadcrumb\"},\"inLanguage\":\"pt-BR\",\"potentialAction\":[{\"@type\":\"ReadAction\",\"target\":[\"https:\/\/www.meusiteteste.com.br\/qla\/contato\/\"]}]},{\"@type\":\"BreadcrumbList\",\"@id\":\"https:\/\/www.meusiteteste.com.br\/qla\/contato\/#breadcrumb\",\"itemListElement\":[{\"@type\":\"ListItem\",\"position\":1,\"name\":\"In\u00edcio\",\"item\":\"https:\/\/www.meusiteteste.com.br\/qla\/\"},{\"@type\":\"ListItem\",\"position\":2,\"name\":\"Contato\"}]},{\"@type\":\"WebSite\",\"@id\":\"https:\/\/www.meusiteteste.com.br\/qla\/#website\",\"url\":\"https:\/\/www.meusiteteste.com.br\/qla\/\",\"name\":\"QLA\",\"description\":\"Solu\u00e7\u00f5es em sistemas simplificando Processos\",\"potentialAction\":[{\"@type\":\"SearchAction\",\"target\":{\"@type\":\"EntryPoint\",\"urlTemplate\":\"https:\/\/www.meusiteteste.com.br\/qla\/?s={search_term_string}\"},\"query-input\":\"required name=search_term_string\"}],\"inLanguage\":\"pt-BR\"}]}<\/script>\n<!-- \/ Yoast SEO plugin. -->","yoast_head_json":{"title":"Contato - QLA","description":"Fale conosco e d\u00ea o primeiro passo na constru\u00e7\u00e3o de uma solu\u00e7\u00e3o completa e inovadora para a sua empresa.","robots":{"index":"noindex","follow":"follow","max-snippet":"max-snippet:-1","max-image-preview":"max-image-preview:large","max-video-preview":"max-video-preview:-1"},"og_locale":"pt_BR","og_type":"article","og_title":"Contato - QLA","og_description":"Fale conosco e d\u00ea o primeiro passo na constru\u00e7\u00e3o de uma solu\u00e7\u00e3o completa e inovadora para a sua empresa.","og_url":"https:\/\/www.meusiteteste.com.br\/qla\/contato\/","og_site_name":"QLA","article_modified_time":"2023-08-21T19:47:39+00:00","twitter_card":"summary_large_image","schema":{"@context":"https:\/\/schema.org","@graph":[{"@type":"WebPage","@id":"https:\/\/www.meusiteteste.com.br\/qla\/contato\/","url":"https:\/\/www.meusiteteste.com.br\/qla\/contato\/","name":"Contato - QLA","isPartOf":{"@id":"https:\/\/www.meusiteteste.com.br\/qla\/#website"},"datePublished":"2022-10-02T20:45:47+00:00","dateModified":"2023-08-21T19:47:39+00:00","description":"Fale conosco e d\u00ea o primeiro passo na constru\u00e7\u00e3o de uma solu\u00e7\u00e3o completa e inovadora para a sua empresa.","breadcrumb":{"@id":"https:\/\/www.meusiteteste.com.br\/qla\/contato\/#breadcrumb"},"inLanguage":"pt-BR","potentialAction":[{"@type":"ReadAction","target":["https:\/\/www.meusiteteste.com.br\/qla\/contato\/"]}]},{"@type":"BreadcrumbList","@id":"https:\/\/www.meusiteteste.com.br\/qla\/contato\/#breadcrumb","itemListElement":[{"@type":"ListItem","position":1,"name":"In\u00edcio","item":"https:\/\/www.meusiteteste.com.br\/qla\/"},{"@type":"ListItem","position":2,"name":"Contato"}]},{"@type":"WebSite","@id":"https:\/\/www.meusiteteste.com.br\/qla\/#website","url":"https:\/\/www.meusiteteste.com.br\/qla\/","name":"QLA","description":"Solu\u00e7\u00f5es em sistemas simplificando Processos","potentialAction":[{"@type":"SearchAction","target":{"@type":"EntryPoint","urlTemplate":"https:\/\/www.meusiteteste.com.br\/qla\/?s={search_term_string}"},"query-input":"required name=search_term_string"}],"inLanguage":"pt-BR"}]}},"_links":{"self":[{"href":"https:\/\/www.meusiteteste.com.br\/qla\/wp-json\/wp\/v2\/pages\/14","targetHints":{"allow":["GET"]}}],"collection":[{"href":"https:\/\/www.meusiteteste.com.br\/qla\/wp-json\/wp\/v2\/pages"}],"about":[{"href":"https:\/\/www.meusiteteste.com.br\/qla\/wp-json\/wp\/v2\/types\/page"}],"author":[{"embeddable":true,"href":"https:\/\/www.meusiteteste.com.br\/qla\/wp-json\/wp\/v2\/users\/1"}],"replies":[{"embeddable":true,"href":"https:\/\/www.meusiteteste.com.br\/qla\/wp-json\/wp\/v2\/comments?post=14"}],"version-history":[{"count":7,"href":"https:\/\/www.meusiteteste.com.br\/qla\/wp-json\/wp\/v2\/pages\/14\/revisions"}],"predecessor-version":[{"id":395,"href":"https:\/\/www.meusiteteste.com.br\/qla\/wp-json\/wp\/v2\/pages\/14\/revisions\/395"}],"wp:attachment":[{"href":"https:\/\/www.meusiteteste.com.br\/qla\/wp-json\/wp\/v2\/media?parent=14"}],"curies":[{"name":"wp","href":"https:\/\/api.w.org\/{rel}","templated":true}]}}