{"id":2,"date":"2022-10-02T17:44:27","date_gmt":"2022-10-02T20:44:27","guid":{"rendered":"https:\/\/www.meusiteteste.com.br\/qla\/?page_id=2"},"modified":"2023-08-21T17:09:33","modified_gmt":"2023-08-21T20:09:33","slug":"home","status":"publish","type":"page","link":"https:\/\/www.meusiteteste.com.br\/qla\/","title":{"rendered":"Home"},"content":{"rendered":"","protected":false},"excerpt":{"rendered":"","protected":false},"author":1,"featured_media":106,"parent":0,"menu_order":1,"comment_status":"closed","ping_status":"closed","template":"pages\/home.php","meta":{"footnotes":""},"class_list":["post-2","page","type-page","status-publish","has-post-thumbnail","hentry"],"acf":[],"yoast_head":"<!-- This site is optimized with the Yoast SEO plugin v20.7 - https:\/\/yoast.com\/wordpress\/plugins\/seo\/ -->\n<title>Desenvolvimento de Sistemas e Solu\u00e7\u00f5es Empresariais | QLA<\/title>\n<meta name=\"description\" content=\"H\u00e1 mais de 30 anos construindo solu\u00e7\u00f5es completas para demandas \u00fanicas. Conhe\u00e7a as solu\u00e7\u00f5es da QLA!\" \/>\n<meta name=\"robots\" content=\"noindex, follow, max-snippet:-1, max-image-preview:large, max-video-preview:-1\" \/>\n<meta property=\"og:locale\" content=\"pt_BR\" \/>\n<meta property=\"og:type\" content=\"article\" \/>\n<meta property=\"og:title\" content=\"Desenvolvimento de Sistemas e Solu\u00e7\u00f5es Empresariais | QLA\" \/>\n<meta property=\"og:description\" content=\"H\u00e1 mais de 30 anos construindo solu\u00e7\u00f5es completas para demandas \u00fanicas. Conhe\u00e7a as solu\u00e7\u00f5es da QLA!\" \/>\n<meta property=\"og:url\" content=\"https:\/\/www.meusiteteste.com.br\/qla\/\" \/>\n<meta property=\"og:site_name\" content=\"QLA\" \/>\n<meta property=\"article:modified_time\" content=\"2023-08-21T20:09:33+00:00\" \/>\n<meta name=\"twitter:card\" content=\"summary_large_image\" \/>\n<meta name=\"twitter:image\" content=\"https:\/\/www.meusiteteste.com.br\/qla\/wp-content\/uploads\/2023\/04\/logo.svg\" \/>\n<script type=\"application\/ld+json\" class=\"yoast-schema-graph\">{\"@context\":\"https:\/\/schema.org\",\"@graph\":[{\"@type\":\"WebPage\",\"@id\":\"https:\/\/www.meusiteteste.com.br\/qla\/\",\"url\":\"https:\/\/www.meusiteteste.com.br\/qla\/\",\"name\":\"Desenvolvimento de Sistemas e Solu\u00e7\u00f5es Empresariais | QLA\",\"isPartOf\":{\"@id\":\"https:\/\/www.meusiteteste.com.br\/qla\/#website\"},\"datePublished\":\"2022-10-02T20:44:27+00:00\",\"dateModified\":\"2023-08-21T20:09:33+00:00\",\"description\":\"H\u00e1 mais de 30 anos construindo solu\u00e7\u00f5es completas para demandas \u00fanicas. Conhe\u00e7a as solu\u00e7\u00f5es da QLA!\",\"breadcrumb\":{\"@id\":\"https:\/\/www.meusiteteste.com.br\/qla\/#breadcrumb\"},\"inLanguage\":\"pt-BR\",\"potentialAction\":[{\"@type\":\"ReadAction\",\"target\":[\"https:\/\/www.meusiteteste.com.br\/qla\/\"]}]},{\"@type\":\"BreadcrumbList\",\"@id\":\"https:\/\/www.meusiteteste.com.br\/qla\/#breadcrumb\",\"itemListElement\":[{\"@type\":\"ListItem\",\"position\":1,\"name\":\"In\u00edcio\",\"item\":\"https:\/\/www.meusiteteste.com.br\/qla\/\"},{\"@type\":\"ListItem\",\"position\":2,\"name\":\"Home\"}]},{\"@type\":\"WebSite\",\"@id\":\"https:\/\/www.meusiteteste.com.br\/qla\/#website\",\"url\":\"https:\/\/www.meusiteteste.com.br\/qla\/\",\"name\":\"QLA\",\"description\":\"Solu\u00e7\u00f5es em sistemas simplificando Processos\",\"potentialAction\":[{\"@type\":\"SearchAction\",\"target\":{\"@type\":\"EntryPoint\",\"urlTemplate\":\"https:\/\/www.meusiteteste.com.br\/qla\/?s={search_term_string}\"},\"query-input\":\"required name=search_term_string\"}],\"inLanguage\":\"pt-BR\"}]}<\/script>\n<!-- \/ Yoast SEO plugin. -->","yoast_head_json":{"title":"Desenvolvimento de Sistemas e Solu\u00e7\u00f5es Empresariais | QLA","description":"H\u00e1 mais de 30 anos construindo solu\u00e7\u00f5es completas para demandas \u00fanicas. Conhe\u00e7a as solu\u00e7\u00f5es da QLA!","robots":{"index":"noindex","follow":"follow","max-snippet":"max-snippet:-1","max-image-preview":"max-image-preview:large","max-video-preview":"max-video-preview:-1"},"og_locale":"pt_BR","og_type":"article","og_title":"Desenvolvimento de Sistemas e Solu\u00e7\u00f5es Empresariais | QLA","og_description":"H\u00e1 mais de 30 anos construindo solu\u00e7\u00f5es completas para demandas \u00fanicas. Conhe\u00e7a as solu\u00e7\u00f5es da QLA!","og_url":"https:\/\/www.meusiteteste.com.br\/qla\/","og_site_name":"QLA","article_modified_time":"2023-08-21T20:09:33+00:00","twitter_card":"summary_large_image","twitter_image":"https:\/\/www.meusiteteste.com.br\/qla\/wp-content\/uploads\/2023\/04\/logo.svg","schema":{"@context":"https:\/\/schema.org","@graph":[{"@type":"WebPage","@id":"https:\/\/www.meusiteteste.com.br\/qla\/","url":"https:\/\/www.meusiteteste.com.br\/qla\/","name":"Desenvolvimento de Sistemas e Solu\u00e7\u00f5es Empresariais | QLA","isPartOf":{"@id":"https:\/\/www.meusiteteste.com.br\/qla\/#website"},"datePublished":"2022-10-02T20:44:27+00:00","dateModified":"2023-08-21T20:09:33+00:00","description":"H\u00e1 mais de 30 anos construindo solu\u00e7\u00f5es completas para demandas \u00fanicas. Conhe\u00e7a as solu\u00e7\u00f5es da QLA!","breadcrumb":{"@id":"https:\/\/www.meusiteteste.com.br\/qla\/#breadcrumb"},"inLanguage":"pt-BR","potentialAction":[{"@type":"ReadAction","target":["https:\/\/www.meusiteteste.com.br\/qla\/"]}]},{"@type":"BreadcrumbList","@id":"https:\/\/www.meusiteteste.com.br\/qla\/#breadcrumb","itemListElement":[{"@type":"ListItem","position":1,"name":"In\u00edcio","item":"https:\/\/www.meusiteteste.com.br\/qla\/"},{"@type":"ListItem","position":2,"name":"Home"}]},{"@type":"WebSite","@id":"https:\/\/www.meusiteteste.com.br\/qla\/#website","url":"https:\/\/www.meusiteteste.com.br\/qla\/","name":"QLA","description":"Solu\u00e7\u00f5es em sistemas simplificando Processos","potentialAction":[{"@type":"SearchAction","target":{"@type":"EntryPoint","urlTemplate":"https:\/\/www.meusiteteste.com.br\/qla\/?s={search_term_string}"},"query-input":"required name=search_term_string"}],"inLanguage":"pt-BR"}]}},"_links":{"self":[{"href":"https:\/\/www.meusiteteste.com.br\/qla\/wp-json\/wp\/v2\/pages\/2","targetHints":{"allow":["GET"]}}],"collection":[{"href":"https:\/\/www.meusiteteste.com.br\/qla\/wp-json\/wp\/v2\/pages"}],"about":[{"href":"https:\/\/www.meusiteteste.com.br\/qla\/wp-json\/wp\/v2\/types\/page"}],"author":[{"embeddable":true,"href":"https:\/\/www.meusiteteste.com.br\/qla\/wp-json\/wp\/v2\/users\/1"}],"replies":[{"embeddable":true,"href":"https:\/\/www.meusiteteste.com.br\/qla\/wp-json\/wp\/v2\/comments?post=2"}],"version-history":[{"count":30,"href":"https:\/\/www.meusiteteste.com.br\/qla\/wp-json\/wp\/v2\/pages\/2\/revisions"}],"predecessor-version":[{"id":404,"href":"https:\/\/www.meusiteteste.com.br\/qla\/wp-json\/wp\/v2\/pages\/2\/revisions\/404"}],"wp:featuredmedia":[{"embeddable":true,"href":"https:\/\/www.meusiteteste.com.br\/qla\/wp-json\/wp\/v2\/media\/106"}],"wp:attachment":[{"href":"https:\/\/www.meusiteteste.com.br\/qla\/wp-json\/wp\/v2\/media?parent=2"}],"curies":[{"name":"wp","href":"https:\/\/api.w.org\/{rel}","templated":true}]}}